{"id":203946,"date":"2020-06-22T20:18:50","date_gmt":"2020-06-23T03:18:50","guid":{"rendered":"http:\/\/ushop.mx\/vitamarket\/?post_type=product&#038;p=203946"},"modified":"2022-03-31T13:06:15","modified_gmt":"2022-03-31T20:06:15","slug":"lingzhi-coffee-3-en-1","status":"publish","type":"product","link":"https:\/\/ushop.mx\/vitamarket\/producto\/lingzhi-coffee-3-en-1\/","title":{"rendered":"Lingzhi Coffee 3 en 1"},"content":{"rendered":"<p>LingZhi Coffee 3 en 1<\/p>\n<p>PARA QUE SIRVE Y \u00bf COMO SE TOMA?<\/p>\n<p>INFORMACI\u00d3N:<\/p>\n<p>Es una sabrosa combinaci\u00f3n de los 6 tipos de hongo GANODERMA m\u00e1s potentes, Az\u00facar frutal y Crema desnatada con Caf\u00e9 descafeinado y org\u00e1nico.<\/p>\n<p>Por su alto contenido de GANODERMA (Hongo adulto), esta bebida, tomada con regularidad, puede ayudar a su cuerpo a contrarrestar las condiciones como:<\/p>\n<p>*** Desordenes metab\u00f3licos: (Sobrepeso, Personas con bajo peso).,<br \/>\n*** Desordenes del apetito.<br \/>\n*** Irregularidad en el sue\u00f1o.<br \/>\n*** Gastritis.<br \/>\n*** Ulceras estomacales y duodenales.<br \/>\n*** Intoxicaci\u00f3n.<br \/>\n*** Acn\u00e9.<br \/>\n*** Manchas en la piel.<br \/>\n*** Envejecimiento prematuro.<br \/>\n*** Envenenamiento.<\/p>\n<p>\u00bf Cuales son los Beneficios del LingZhi Coffee 3 en 1 en los distintos \u00f3rganos de nuestro cuerpo?<\/p>\n<p>.*** H\u00cdGADO.-: Hepatitis, Cirrosis, Bilirrubina alta, Manchas en las u\u00f1as.<br \/>\n*** P\u00c1NCREAS.-: Pancreat\u00edtis, Diabetes, Hipoglucemia y otros.<br \/>\n*** RI\u00d1ONES.-: Infecciones de la orina, Gota, \u00c1cido \u00farico, Reumatismo, Artritis.<br \/>\n*** INTESTINOS.-: Estre\u00f1imiento, Sangrado, Divert\u00edculos, Colitis.<br \/>\nCORAZ\u00d3N.- Infartos, Arritmias, Hipertensi\u00f3n, Hipotensi\u00f3n,<br \/>\n.*** ARTERIAS.- Venas y vasos sangu\u00edneos, Venas obstruidas, Mala circulaci\u00f3n, Calambres en las extremidades, Varices, Hemorroides, Adormecimiento de manos y piernas.<\/p>\n<p>\u00bfComo debo tomar el Caf\u00e9 LingZhi Coffee 3 en 1?<\/p>\n<p>Como todo producto, ya sea qu\u00edmico o natural, siempre tenemos que usarlo de menos dosis a mas.<br \/>\nEsto quiere decir que al inicio debemos consumir medio sobre por d\u00eda, durante los 4 o 5 primeros d\u00edas, luego hay que ir aumentando la dosis de acuerdo al gusto y la necesidad del consumidor.<br \/>\nPuede tomar si as\u00ed lo desea 1, 2 o 3 sobres por d\u00eda, ya que no existir\u00eda ning\u00fan problema o efectos secundarios.<br \/>\nSi Usted nota alguna reacci\u00f3n de su organismo, no se asuste y por eso valla a dejarlo de consumir, al contrario, deber\u00e1 de seguir consumi\u00e9ndolo para que el Hongo Ganoderma Lucidum, siga haciendo su trabajo.<br \/>\nLe recomendamos que ingiera de 5 a 8 vasos con agua por d\u00eda.<br \/>\nNo es obligatoria que consumas esa cantidad de agua, pero si quieres que el producto trabaje mejor, consumala en forma natural.<\/p>\n<p>El Hongo Ganoderma: no modifica el delicioso sabor del caf\u00e9<\/p>\n","protected":false},"excerpt":{"rendered":"<p>LingZhi Coffee 3 en 1 PARA QUE SIRVE Y \u00bf COMO SE TOMA? INFORMACI\u00d3N: Es una sabrosa combinaci\u00f3n de los 6 tipos de hongo GANODERMA m\u00e1s potentes, Az\u00facar frutal y Crema desnatada con Caf\u00e9 descafeinado y org\u00e1nico. Por su alto contenido de GANODERMA (Hongo adulto), esta bebida, tomada con regularidad, puede ayudar a su cuerpo [&hellip;]<\/p>\n","protected":false},"featured_media":204052,"comment_status":"open","ping_status":"closed","template":"","meta":{"_et_pb_use_builder":"","_et_pb_old_content":"","_et_gb_content_width":""},"product_cat":[20],"product_tag":[22,21,23],"_links":{"self":[{"href":"https:\/\/ushop.mx\/vitamarket\/wp-json\/wp\/v2\/product\/203946"}],"collection":[{"href":"https:\/\/ushop.mx\/vitamarket\/wp-json\/wp\/v2\/product"}],"about":[{"href":"https:\/\/ushop.mx\/vitamarket\/wp-json\/wp\/v2\/types\/product"}],"replies":[{"embeddable":true,"href":"https:\/\/ushop.mx\/vitamarket\/wp-json\/wp\/v2\/comments?post=203946"}],"wp:featuredmedia":[{"embeddable":true,"href":"https:\/\/ushop.mx\/vitamarket\/wp-json\/wp\/v2\/media\/204052"}],"wp:attachment":[{"href":"https:\/\/ushop.mx\/vitamarket\/wp-json\/wp\/v2\/media?parent=203946"}],"wp:term":[{"taxonomy":"product_cat","embeddable":true,"href":"https:\/\/ushop.mx\/vitamarket\/wp-json\/wp\/v2\/product_cat?post=203946"},{"taxonomy":"product_tag","embeddable":true,"href":"https:\/\/ushop.mx\/vitamarket\/wp-json\/wp\/v2\/product_tag?post=203946"}],"curies":[{"name":"wp","href":"https:\/\/api.w.org\/{rel}","templated":true}]}}