{"id":204110,"date":"2022-02-21T21:51:23","date_gmt":"2022-02-22T04:51:23","guid":{"rendered":"https:\/\/ushop.mx\/vitamarket\/?page_id=204110"},"modified":"2022-02-21T21:51:24","modified_gmt":"2022-02-22T04:51:24","slug":"politica-de-privacidad","status":"publish","type":"page","link":"https:\/\/ushop.mx\/vitamarket\/politica-de-privacidad\/","title":{"rendered":"POL\u00cdTICA DE PRIVACIDAD"},"content":{"rendered":"\n<p>www.ushop.mx\/vitamarket En cumplimiento a lo que establece la ley federal de protecci\u00f3n de datos personales en posesi\u00f3n de los part\u00edculares hace del conocimiento que \u00fanicamente recaba datos personales de sus clientes y\/o lectores, siendo la \u00fanica responsable de su tratamiento y manifestando que se compromete a respetar la privacidad de los datos en posesi\u00f3n, motivo por el cual informa que:<\/p>\n\n\n\n<p>www.ushop.mx\/vitamarket, Recaba los datos personales relacionados con el nombre, edad, domicilio, tel\u00e9fono, correo electr\u00f3nico, \u00fanicamente si se solicita un cargo con tarjeta de cr\u00e9dito,se proceder\u00e1 a recabar los datos bancarios correspondientes; \u00e9stos datos se utilizan exclusivamente para fines de prestaci\u00f3n del servicio que brindamos, as\u00ed como fines mercadot\u00e9cnicos y publicitarios.<\/p>\n\n\n\n<p>www.ushop.mx\/vitamarket, manifiesta que sus datos no ser\u00e1n entregados a ninguna otra persona f\u00edsica o moral,motivo por el cual sus datos \u00fanicamente ser\u00e1n tratados por www.ushop.mx\/vitamarket, sus directivos o empleados y trat\u00e1ndose del cobro de nuestros servicios con la instituci\u00f3n bancaria correspondiente.<\/p>\n\n\n\n<p>Los mecanismos que utiliza www.ushop.mx\/vitamarket para recabar los datos personales son:<\/p>\n\n\n\n<p>A) De manera personal y directa.<\/p>\n\n\n\n<p>B) A trav\u00e9s de nuestro sitio de internet<\/p>\n\n\n\n<p>Las excepciones para la restricci\u00f3n de sus datos personales son:<\/p>\n\n\n\n<p>1) Exista requerimiento de la autoridad.<\/p>\n\n\n\n<p>2) Los que consten en fuentes de acceso p\u00fablico.<\/p>\n\n\n\n<p>Solicitamos revisar las pol\u00edticas de privacidad de los enlaces a sitios de terceros ajenos que aparezcan en nuestro sitio web, ya que www.ushop.mx\/vitamarket No mantiene ninguna relaci\u00f3n con los titulares de los mismos.<\/p>\n\n\n\n<p>El presente aviso de privacidad, podr\u00e1 ser modificado en cualquier momento y nos comprometemos a publicar las modificaciones de forma inmediata en nuestras oficinas, sitios web o medios impresos.<\/p>\n\n\n\n<p>POL\u00cdTICA DE COOKIES<br>\u00bfQu\u00e9 es una cookie?<\/p>\n\n\n\n<p>Una cookie es un peque\u00f1o fichero de datos que un sitio web solicita al navegador que guarde en el ordenador o en el dispositivo m\u00f3vil del usuario. Gracias a esa cookie, el sitio web puede \u00abrecordar\u00bb las acciones o preferencias del usuario con el paso del tiempo. La mayor\u00eda de los navegadores de internet admiten cookies; pero los usuarios pueden configurarlos para que no admitan determinados tipos de cookies o cookies espec\u00edficas. Los usuarios tambi\u00e9n pueden eliminar las cookies en cualquier momento.<\/p>\n\n\n\n<p>\u00bfPor qu\u00e9 usamos cookies?<\/p>\n\n\n\n<p>Utilizamos cookies para saber c\u00f3mo interact\u00faan los usuarios con el contenido y mejorar su experiencia cuando visitan nuestros sitios web.<\/p>\n\n\n\n<p>\u00bfQu\u00e9 tipos de cookies utilizamos?<\/p>\n\n\n\n<p>Cookies propias y de terceros<\/p>\n\n\n\n<p>En nuestro sitio web utilizamos tanto cookies propias como de terceros.<\/p>\n\n\n\n<p>Las cookies propias son cookies enviadas desde el dominio del sitio, utilizadas generalmente para identificar preferencias en cuanto a idioma y ubicaci\u00f3n o para ofrecer las funciones b\u00e1sicas del sitio.<\/p>\n\n\n\n<p>Las cookies de terceros pertenecen a otras empresas y son gestionadas por estas. Estas cookies podr\u00edan ser necesarias para facilitar determinados formularios.<\/p>\n\n\n\n<p>Cookies de sesi\u00f3n<\/p>\n\n\n\n<p>Se trata de cookies temporales utilizadas para recordar al usuario durante el transcurso de su visita al sitio web. Cuando el usuario cierra el navegador, desaparecen.<\/p>\n\n\n\n<p>Cookies permanentes<\/p>\n\n\n\n<p>Se emplean para recordar las preferencias del usuario en el sitio web y permanecen en el ordenador o dispositivo m\u00f3vil incluso despu\u00e9s de que se haya cerrado el navegador o reiniciado el ordenador. Utilizamos estas cookies para analizar el comportamiento del usuario, con el fin de obtener patrones de visita y poder mejorar las funciones del sitio web. Estas cookies tambi\u00e9n nos permiten presentar al usuario publicidad personalizada y medir la eficacia de las funciones y la publicidad de nuestro sitio.<\/p>\n\n\n\n<p>Cookies de Anal\u00edtica<\/p>\n\n\n\n<p>N\u00famero de visitas, p\u00e1ginas o secciones visitadas, tiempo de navegaci\u00f3n, sitios visitados antes de entrar en esta p\u00e1gina, detalles sobre los navegadores usados.<\/p>\n\n\n\n<p>\u00bfC\u00f3mo se utilizan las cookies con fines publicitarios?<\/p>\n\n\n\n<p>Las cookies, nos ayudan a presentar al usuario anuncios pertinentes de manera m\u00e1s eficaz. Aunque no utilizamos las cookies para crear perfiles web del comportamiento de los usuarios cuando navegan por sitios de terceros, si empleamos datos agregados de terceros para mostrarle una publicidad personalizada de acuerdo con sus intereses. No facilitamos ning\u00fan dato personal recopilado a los anunciantes. El usuario puede desactivar la publicidad externa al sitio y la publicidad con informaci\u00f3n de terceros ajustando la configuraci\u00f3n de las cookies. Si desactiva la publicidad, esta no desaparecer\u00e1 de las p\u00e1ginas que visite, pero los anuncios que vea no estar\u00e1n personalizados de acuerdo con sus intereses.<\/p>\n\n\n\n<p>\u00bfC\u00f3mo se utilizan las cookies de terceros?<\/p>\n\n\n\n<p>Para algunas de las funciones incluidas en nuestros sitios web, recurrimos a terceros proveedores. Por ejemplo, cuando el usuario visita una p\u00e1gina en la que se han insertado v\u00eddeos de YouTube o enlaces a estos. Dichos v\u00eddeos o enlaces (y cualquier otro contenido de otros proveedores) podr\u00edan incluir cookies de terceros. Por lo tanto, animamos a los usuarios a que consulten las pol\u00edticas de privacidad de estos en sus sitios web, para saber c\u00f3mo utilizan las cookies.<\/p>\n\n\n\n<p>\u00bfC\u00f3mo se gestionan las cookies?<\/p>\n\n\n\n<p>Dado que las cookies no son estrictamente necesarias para navegar por este sitio web, Ud. puede bloquearlas o deshabilitarlas, total o parcialmente, a trav\u00e9s de la configuraci\u00f3n de las opciones de su navegador de Internet. Todos los navegadores permiten el cambio en la configuraci\u00f3n de las cookies.<\/p>\n\n\n\n<p>Asimismo, tiene la posibilidad de revocar en cualquier momento el consentimiento prestado para la utilizaci\u00f3n de cookies configurando para ello su navegador.<\/p>\n\n\n\n<p>Para deshabilitar las cookies modificando la configuraci\u00f3n de su navegador, puede seguir las instrucciones que especifica cada navegador:<\/p>\n\n\n\n<p>Chrome.<\/p>\n\n\n\n<p>Chrome para Android.<\/p>\n\n\n\n<p>Firefox.<\/p>\n\n\n\n<p>Explorer.<\/p>\n\n\n\n<p>Safari.<\/p>\n\n\n\n<p>Safari para IOS (iPhone y iPad).<\/p>\n\n\n\n<p>Windows 10: Microsoft Edge.<\/p>\n\n\n\n<p>Adem\u00e1s, si el usuario no desea que sus datos se recopilen con Google Analytics, puede instalar su complemento de inhabilitaci\u00f3n para navegadores<\/p>\n","protected":false},"excerpt":{"rendered":"<p>www.ushop.mx\/vitamarket En cumplimiento a lo que establece la ley federal de protecci\u00f3n de datos personales en posesi\u00f3n de los part\u00edculares hace del conocimiento que \u00fanicamente recaba datos personales de sus clientes y\/o lectores, siendo la \u00fanica responsable de su tratamiento y manifestando que se compromete a respetar la privacidad de los datos en posesi\u00f3n, motivo [&hellip;]<\/p>\n","protected":false},"author":1,"featured_media":0,"parent":0,"menu_order":0,"comment_status":"closed","ping_status":"closed","template":"","meta":{"_et_pb_use_builder":"off","_et_pb_old_content":"","_et_gb_content_width":""},"_links":{"self":[{"href":"https:\/\/ushop.mx\/vitamarket\/wp-json\/wp\/v2\/pages\/204110"}],"collection":[{"href":"https:\/\/ushop.mx\/vitamarket\/wp-json\/wp\/v2\/pages"}],"about":[{"href":"https:\/\/ushop.mx\/vitamarket\/wp-json\/wp\/v2\/types\/page"}],"author":[{"embeddable":true,"href":"https:\/\/ushop.mx\/vitamarket\/wp-json\/wp\/v2\/users\/1"}],"replies":[{"embeddable":true,"href":"https:\/\/ushop.mx\/vitamarket\/wp-json\/wp\/v2\/comments?post=204110"}],"version-history":[{"count":1,"href":"https:\/\/ushop.mx\/vitamarket\/wp-json\/wp\/v2\/pages\/204110\/revisions"}],"predecessor-version":[{"id":204111,"href":"https:\/\/ushop.mx\/vitamarket\/wp-json\/wp\/v2\/pages\/204110\/revisions\/204111"}],"wp:attachment":[{"href":"https:\/\/ushop.mx\/vitamarket\/wp-json\/wp\/v2\/media?parent=204110"}],"curies":[{"name":"wp","href":"https:\/\/api.w.org\/{rel}","templated":true}]}}